{"id":55885,"date":"2023-09-21T21:09:47","date_gmt":"2023-09-21T19:09:47","guid":{"rendered":"https:\/\/melissawilpotte.com\/?page_id=55885"},"modified":"2025-12-18T14:56:25","modified_gmt":"2025-12-18T13:56:25","slug":"contact","status":"publish","type":"page","link":"https:\/\/melissawilpotte.com\/en\/contact\/","title":{"rendered":"Contact"},"content":{"rendered":"<div data-elementor-type=\"wp-page\" data-elementor-id=\"55885\" class=\"elementor elementor-55885\" data-elementor-post-type=\"page\">\n\t\t\t\t<div class=\"elementor-element elementor-element-40a36a8 e-flex e-con-boxed e-con e-parent\" data-id=\"40a36a8\" data-element_type=\"container\" data-settings=\"{&quot;_ob_column_has_pseudo&quot;:&quot;no&quot;}\">\n\t\t\t\t\t<div class=\"e-con-inner\">\n\t\t<div class=\"elementor-element elementor-element-952e24c e-flex e-con-boxed e-con e-child\" data-id=\"952e24c\" data-element_type=\"container\" data-settings=\"{&quot;_ob_column_has_pseudo&quot;:&quot;no&quot;}\">\n\t\t\t\t\t<div class=\"e-con-inner\">\n\t\t\t\t<div class=\"elementor-element elementor-element-47d4f19 elementor-widget elementor-widget-heading\" data-id=\"47d4f19\" data-element_type=\"widget\" data-widget_type=\"heading.default\">\n\t\t\t\t<div class=\"elementor-widget-container\">\n\t\t\t\t\t<p class=\"elementor-heading-title elementor-size-default\">CONTACT US FOR<\/p>\t\t\t\t<\/div>\n\t\t\t\t<\/div>\n\t\t\t\t<div class=\"elementor-element elementor-element-40b3f52 elementor-widget elementor-widget-heading\" data-id=\"40b3f52\" data-element_type=\"widget\" data-widget_type=\"heading.default\">\n\t\t\t\t<div class=\"elementor-widget-container\">\n\t\t\t\t\t<h2 class=\"elementor-heading-title elementor-size-default\">YOUR WEDDING PROJECT<\/h2>\t\t\t\t<\/div>\n\t\t\t\t<\/div>\n\t\t\t\t<div class=\"elementor-element elementor-element-ffd4c5f elementor-widget__width-initial elementor-widget elementor-widget-heading\" data-id=\"ffd4c5f\" data-element_type=\"widget\" data-widget_type=\"heading.default\">\n\t\t\t\t<div class=\"elementor-widget-container\">\n\t\t\t\t\t<p class=\"elementor-heading-title elementor-size-default\">We invite you to send us your request using the form below, and we will contact you as soon as possible. You can also contact us directly on +33 6 98 03 30 11.<\/p>\t\t\t\t<\/div>\n\t\t\t\t<\/div>\n\t\t\t\t\t<\/div>\n\t\t\t\t<\/div>\n\t\t\t\t<div class=\"elementor-element elementor-element-17fb01a elementor-button-align-end elementor-mobile-button-align-stretch elementor-widget elementor-widget-form\" data-id=\"17fb01a\" data-element_type=\"widget\" data-settings=\"{&quot;step_next_label&quot;:&quot;Next&quot;,&quot;step_previous_label&quot;:&quot;Previous&quot;,&quot;button_width&quot;:&quot;100&quot;,&quot;step_type&quot;:&quot;number_text&quot;,&quot;step_icon_shape&quot;:&quot;circle&quot;}\" data-widget_type=\"form.default\">\n\t\t\t\t<div class=\"elementor-widget-container\">\n\t\t\t\t\t\t\t<form class=\"elementor-form\" method=\"post\" name=\"Contact\" aria-label=\"Contact\" action=\"\">\n\t\t\t<input type=\"hidden\" name=\"post_id\" value=\"55885\"\/>\n\t\t\t<input type=\"hidden\" name=\"form_id\" value=\"17fb01a\"\/>\n\t\t\t<input type=\"hidden\" name=\"referer_title\" value=\"Contact - M\u00e9lissa Wilpotte - Wedding Planner\" \/>\n\n\t\t\t\t\t\t\t<input type=\"hidden\" name=\"queried_id\" value=\"55885\"\/>\n\t\t\t\n\t\t\t<div class=\"elementor-form-fields-wrapper elementor-labels-above\">\n\t\t\t\t\t\t\t\t<div class=\"elementor-field-type-text elementor-field-group elementor-column elementor-field-group-name elementor-col-50 elementor-field-required elementor-mark-required\">\n\t\t\t\t\t\t\t\t\t\t\t\t<label for=\"form-field-name\" class=\"elementor-field-label\">\n\t\t\t\t\t\t\t\tFirst name\t\t\t\t\t\t\t<\/label>\n\t\t\t\t\t\t\t\t\t\t\t\t\t\t<input size=\"1\" type=\"text\" name=\"form_fields[name]\" id=\"form-field-name\" class=\"elementor-field elementor-size-md  elementor-field-textual\" placeholder=\"First name\" required=\"required\">\n\t\t\t\t\t\t\t\t\t\t\t<\/div>\n\t\t\t\t\t\t\t\t<div class=\"elementor-field-type-text elementor-field-group elementor-column elementor-field-group-field_07089be elementor-col-50 elementor-field-required elementor-mark-required\">\n\t\t\t\t\t\t\t\t\t\t\t\t<label for=\"form-field-field_07089be\" class=\"elementor-field-label\">\n\t\t\t\t\t\t\t\tLast name\t\t\t\t\t\t\t<\/label>\n\t\t\t\t\t\t\t\t\t\t\t\t\t\t<input size=\"1\" type=\"text\" name=\"form_fields[field_07089be]\" id=\"form-field-field_07089be\" class=\"elementor-field elementor-size-md  elementor-field-textual\" placeholder=\"Last name\" required=\"required\">\n\t\t\t\t\t\t\t\t\t\t\t<\/div>\n\t\t\t\t\t\t\t\t<div class=\"elementor-field-type-email elementor-field-group elementor-column elementor-field-group-email elementor-col-50 elementor-field-required elementor-mark-required\">\n\t\t\t\t\t\t\t\t\t\t\t\t<label for=\"form-field-email\" class=\"elementor-field-label\">\n\t\t\t\t\t\t\t\tEmail\t\t\t\t\t\t\t<\/label>\n\t\t\t\t\t\t\t\t\t\t\t\t\t\t<input size=\"1\" type=\"email\" name=\"form_fields[email]\" id=\"form-field-email\" class=\"elementor-field elementor-size-md  elementor-field-textual\" placeholder=\"Email\" required=\"required\">\n\t\t\t\t\t\t\t\t\t\t\t<\/div>\n\t\t\t\t\t\t\t\t<div class=\"elementor-field-type-tel elementor-field-group elementor-column elementor-field-group-field_757abab elementor-col-50 elementor-field-required elementor-mark-required\">\n\t\t\t\t\t\t\t\t\t\t\t\t<label for=\"form-field-field_757abab\" class=\"elementor-field-label\">\n\t\t\t\t\t\t\t\tPhone\t\t\t\t\t\t\t<\/label>\n\t\t\t\t\t\t\t\t<input size=\"1\" type=\"tel\" name=\"form_fields[field_757abab]\" id=\"form-field-field_757abab\" class=\"elementor-field elementor-size-md  elementor-field-textual\" placeholder=\"Phone\" required=\"required\" pattern=\"[0-9()#&amp;+*-=.]+\" title=\"Only numbers and phone characters (#, -, *, etc) are accepted.\" data-no-translation-title=\"\">\n\n\t\t\t\t\t\t<\/div>\n\t\t\t\t\t\t\t\t<div class=\"elementor-field-type-date elementor-field-group elementor-column elementor-field-group-field_1d6222f elementor-col-50 elementor-field-required elementor-mark-required\">\n\t\t\t\t\t\t\t\t\t\t\t\t<label for=\"form-field-field_1d6222f\" class=\"elementor-field-label\">\n\t\t\t\t\t\t\t\tDate of wedding\t\t\t\t\t\t\t<\/label>\n\t\t\t\t\t\t\n\t\t<input type=\"date\" name=\"form_fields[field_1d6222f]\" id=\"form-field-field_1d6222f\" class=\"elementor-field elementor-size-md  elementor-field-textual elementor-date-field\" placeholder=\"Date of wedding\" required=\"required\" pattern=\"[0-9]{4}-[0-9]{2}-[0-9]{2}\">\n\t\t\t\t\t\t<\/div>\n\t\t\t\t\t\t\t\t<div class=\"elementor-field-type-number elementor-field-group elementor-column elementor-field-group-field_b50bfd4 elementor-col-50 elementor-field-required elementor-mark-required\">\n\t\t\t\t\t\t\t\t\t\t\t\t<label for=\"form-field-field_b50bfd4\" class=\"elementor-field-label\">\n\t\t\t\t\t\t\t\tBudget\t\t\t\t\t\t\t<\/label>\n\t\t\t\t\t\t\t\t\t<input type=\"number\" name=\"form_fields[field_b50bfd4]\" id=\"form-field-field_b50bfd4\" class=\"elementor-field elementor-size-md  elementor-field-textual\" placeholder=\"Budget\" required=\"required\" min=\"\" max=\"\" >\n\t\t\t\t\t\t<\/div>\n\t\t\t\t\t\t\t\t<div class=\"elementor-field-type-select elementor-field-group elementor-column elementor-field-group-field_1abdeeb elementor-col-100 elementor-field-required elementor-mark-required\">\n\t\t\t\t\t\t\t\t\t\t\t\t<label for=\"form-field-field_1abdeeb\" class=\"elementor-field-label\">\n\t\t\t\t\t\t\t\tComment nous avez-vous connu ?\t\t\t\t\t\t\t<\/label>\n\t\t\t\t\t\t\t\t<div class=\"elementor-field elementor-select-wrapper remove-before\">\n\t\t\t<div class=\"select-caret-down-wrapper\">\n\t\t\t\t<i aria-hidden=\"true\" class=\"eicon-caret-down\"><\/i>\t\t\t<\/div>\n\t\t\t<select name=\"form_fields[field_1abdeeb]\" id=\"form-field-field_1abdeeb\" class=\"elementor-field-textual elementor-size-md\" required=\"required\">\n\t\t\t\t\t\t\t\t\t<option value=\"R\u00e9seaux sociaux\">R\u00e9seaux sociaux<\/option>\n\t\t\t\t\t\t\t\t\t<option value=\"Recommandation personnelle\">Recommandation personnelle<\/option>\n\t\t\t\t\t\t\t\t\t<option value=\"Recommandation prestataire\">Recommandation prestataire<\/option>\n\t\t\t\t\t\t\t\t\t<option value=\"Presse\/ blog\">Presse\/ blog<\/option>\n\t\t\t\t\t\t\t<\/select>\n\t\t<\/div>\n\t\t\t\t\t\t<\/div>\n\t\t\t\t\t\t\t\t<div class=\"elementor-field-type-textarea elementor-field-group elementor-column elementor-field-group-message elementor-col-100 elementor-field-required elementor-mark-required\">\n\t\t\t\t\t\t\t\t\t\t\t\t<label for=\"form-field-message\" class=\"elementor-field-label\">\n\t\t\t\t\t\t\t\tMessage\t\t\t\t\t\t\t<\/label>\n\t\t\t\t\t\t<textarea class=\"elementor-field-textual elementor-field  elementor-size-md\" name=\"form_fields[message]\" id=\"form-field-message\" rows=\"5\" placeholder=\"Message\" required=\"required\"><\/textarea>\t\t\t\t<\/div>\n\t\t\t\t\t\t\t\t<div class=\"elementor-field-type-recaptcha_v3 elementor-field-group elementor-column elementor-field-group-field_ed25f92 elementor-col-100 recaptcha_v3-inline\">\n\t\t\t\t\t<div class=\"elementor-field\" id=\"form-field-field_ed25f92\"><div class=\"elementor-g-recaptcha\" data-sitekey=\"6Lf2HhkoAAAAAA3fq6r5sg2AmuPseH1sWus7KW0C\" data-type=\"v3\" data-action=\"Form\" data-badge=\"inline\" data-size=\"invisible\"><\/div><\/div>\t\t\t\t<\/div>\n\t\t\t\t\t\t\t\t<div class=\"elementor-field-group elementor-column elementor-field-type-submit elementor-col-100 e-form__buttons\">\n\t\t\t\t\t<button class=\"elementor-button elementor-size-sm\" type=\"submit\">\n\t\t\t\t\t\t<span class=\"elementor-button-content-wrapper\">\n\t\t\t\t\t\t\t\t\t\t\t\t\t\t\t<span class=\"elementor-button-icon\">\n\t\t\t\t\t\t\t\t\t<svg xmlns=\"http:\/\/www.w3.org\/2000\/svg\" id=\"Outline\" viewbox=\"0 0 24 24\" width=\"512\" height=\"512\"><path d=\"M18,12h0a2,2,0,0,0-.59-1.4l-4.29-4.3a1,1,0,0,0-1.41,0,1,1,0,0,0,0,1.42L15,11H5a1,1,0,0,0,0,2H15l-3.29,3.29a1,1,0,0,0,1.41,1.42l4.29-4.3A2,2,0,0,0,18,12Z\"><\/path><\/svg>\t\t\t\t\t\t\t\t\t\t\t\t\t\t\t\t\t<\/span>\n\t\t\t\t\t\t\t\t\t\t\t\t\t\t\t\t\t\t\t\t\t\t<span class=\"elementor-button-text\">SEND<\/span>\n\t\t\t\t\t\t\t\t\t\t\t\t\t<\/span>\n\t\t\t\t\t<\/button>\n\t\t\t\t<\/div>\n\t\t\t<\/div>\n\t\t<input type=\"hidden\" name=\"trp-form-language\" value=\"en\"\/><\/form>\n\t\t\t\t\t\t<\/div>\n\t\t\t\t<\/div>\n\t\t\t\t\t<\/div>\n\t\t\t\t<\/div>\n\t\t<div class=\"elementor-element elementor-element-a942487 e-flex e-con-boxed e-con e-parent\" data-id=\"a942487\" data-element_type=\"container\" data-settings=\"{&quot;background_background&quot;:&quot;classic&quot;,&quot;_ob_column_has_pseudo&quot;:&quot;no&quot;}\">\n\t\t\t\t\t<div class=\"e-con-inner\">\n\t\t\t\t<div class=\"elementor-element elementor-element-0d2c6c4 elementor-widget elementor-widget-heading\" data-id=\"0d2c6c4\" data-element_type=\"widget\" data-widget_type=\"heading.default\">\n\t\t\t\t<div class=\"elementor-widget-container\">\n\t\t\t\t\t<p class=\"elementor-heading-title elementor-size-default\">YOU CAN<\/p>\t\t\t\t<\/div>\n\t\t\t\t<\/div>\n\t\t\t\t<div class=\"elementor-element elementor-element-4caf43d elementor-widget__width-initial elementor-widget elementor-widget-heading\" data-id=\"4caf43d\" data-element_type=\"widget\" data-widget_type=\"heading.default\">\n\t\t\t\t<div class=\"elementor-widget-container\">\n\t\t\t\t\t<h2 class=\"elementor-heading-title elementor-size-default\">MAKE AN APPOINTMENT DIRECTLY BY CLICKING ON THE BUTTON BELOW<\/h2>\t\t\t\t<\/div>\n\t\t\t\t<\/div>\n\t\t\t\t<div class=\"elementor-element elementor-element-136c11e elementor-mobile-align-left elementor-widget elementor-widget-button\" data-id=\"136c11e\" data-element_type=\"widget\" data-widget_type=\"button.default\">\n\t\t\t\t<div class=\"elementor-widget-container\">\n\t\t\t\t\t\t\t\t\t<div class=\"elementor-button-wrapper\">\n\t\t\t\t\t<a class=\"elementor-button elementor-button-link elementor-size-sm\" href=\"https:\/\/calendly.com\/melissawilpotte\/30min\" target=\"_blank\">\n\t\t\t\t\t\t<span class=\"elementor-button-content-wrapper\">\n\t\t\t\t\t\t\t\t\t<span class=\"elementor-button-text\">Book a meeting<\/span>\n\t\t\t\t\t<\/span>\n\t\t\t\t\t<\/a>\n\t\t\t\t<\/div>\n\t\t\t\t\t\t\t\t<\/div>\n\t\t\t\t<\/div>\n\t\t\t\t\t<\/div>\n\t\t\t\t<\/div>\n\t\t\t\t<\/div>","protected":false},"excerpt":{"rendered":"<p>Contactez-nous pour Votre projet de mariage Nous vous invitons \u00e0 envoyer votre demande par le biais du formulaire ci-dessous, nous vous contacterons dans les plus brefs d\u00e9lais. Vous pouvez \u00e9galement nous joindre directement au 06.98.03.30.11. Vous pouvez directement Prendre rendez-vous en cliquant sur le bouton ci-dessous prendre rendez-vous<\/p>","protected":false},"author":9,"featured_media":0,"parent":0,"menu_order":0,"comment_status":"closed","ping_status":"closed","template":"elementor_header_footer","meta":{"footnotes":""},"class_list":["post-55885","page","type-page","status-publish","hentry"],"acf":[],"yoast_head":"<!-- This site is optimized with the Yoast SEO plugin v26.2 - https:\/\/yoast.com\/wordpress\/plugins\/seo\/ -->\n<title>Contact - M\u00e9lissa Wilpotte - Wedding Planner<\/title>\n<meta name=\"robots\" content=\"index, follow, max-snippet:-1, max-image-preview:large, max-video-preview:-1\" \/>\n<link rel=\"canonical\" href=\"https:\/\/melissawilpotte.com\/en\/contact\/\" \/>\n<meta property=\"og:locale\" content=\"en_US\" \/>\n<meta property=\"og:type\" content=\"article\" \/>\n<meta property=\"og:title\" content=\"Contact - M\u00e9lissa Wilpotte - Wedding Planner\" \/>\n<meta property=\"og:description\" content=\"Contactez-nous pour Votre projet de mariage Nous vous invitons \u00e0 envoyer votre demande par le biais du formulaire ci-dessous, nous vous contacterons dans les plus brefs d\u00e9lais. Vous pouvez \u00e9galement nous joindre directement au 06.98.03.30.11. Vous pouvez directement Prendre rendez-vous en cliquant sur le bouton ci-dessous prendre rendez-vous\" \/>\n<meta property=\"og:url\" content=\"https:\/\/melissawilpotte.com\/en\/contact\/\" \/>\n<meta property=\"og:site_name\" content=\"M\u00e9lissa Wilpotte - Wedding Planner\" \/>\n<meta property=\"article:publisher\" content=\"https:\/\/www.facebook.com\/durevealarealitebordeaux\/\" \/>\n<meta property=\"article:modified_time\" content=\"2025-12-18T13:56:25+00:00\" \/>\n<meta name=\"twitter:card\" content=\"summary_large_image\" \/>\n<meta name=\"twitter:label1\" content=\"Est. reading time\" \/>\n\t<meta name=\"twitter:data1\" content=\"1 minute\" \/>\n<script type=\"application\/ld+json\" class=\"yoast-schema-graph\">{\"@context\":\"https:\/\/schema.org\",\"@graph\":[{\"@type\":\"WebPage\",\"@id\":\"https:\/\/melissawilpotte.com\/contact\/\",\"url\":\"https:\/\/melissawilpotte.com\/contact\/\",\"name\":\"Contact - M\u00e9lissa Wilpotte - Wedding Planner\",\"isPartOf\":{\"@id\":\"https:\/\/melissawilpotte.com\/#website\"},\"datePublished\":\"2023-09-21T19:09:47+00:00\",\"dateModified\":\"2025-12-18T13:56:25+00:00\",\"breadcrumb\":{\"@id\":\"https:\/\/melissawilpotte.com\/contact\/#breadcrumb\"},\"inLanguage\":\"en-US\",\"potentialAction\":[{\"@type\":\"ReadAction\",\"target\":[\"https:\/\/melissawilpotte.com\/contact\/\"]}]},{\"@type\":\"BreadcrumbList\",\"@id\":\"https:\/\/melissawilpotte.com\/contact\/#breadcrumb\",\"itemListElement\":[{\"@type\":\"ListItem\",\"position\":1,\"name\":\"Home\",\"item\":\"https:\/\/melissawilpotte.com\/\"},{\"@type\":\"ListItem\",\"position\":2,\"name\":\"Contact\"}]},{\"@type\":\"WebSite\",\"@id\":\"https:\/\/melissawilpotte.com\/#website\",\"url\":\"https:\/\/melissawilpotte.com\/\",\"name\":\"M\u00e9lissa Wilpotte - Wedding Planner\",\"description\":\"Votre wedding planner\",\"publisher\":{\"@id\":\"https:\/\/melissawilpotte.com\/#organization\"},\"potentialAction\":[{\"@type\":\"SearchAction\",\"target\":{\"@type\":\"EntryPoint\",\"urlTemplate\":\"https:\/\/melissawilpotte.com\/?s={search_term_string}\"},\"query-input\":{\"@type\":\"PropertyValueSpecification\",\"valueRequired\":true,\"valueName\":\"search_term_string\"}}],\"inLanguage\":\"en-US\"},{\"@type\":\"Organization\",\"@id\":\"https:\/\/melissawilpotte.com\/#organization\",\"name\":\"M\u00e9lissa Wilpotte - Wedding Planner\",\"url\":\"https:\/\/melissawilpotte.com\/\",\"logo\":{\"@type\":\"ImageObject\",\"inLanguage\":\"en-US\",\"@id\":\"https:\/\/melissawilpotte.com\/#\/schema\/logo\/image\/\",\"url\":\"https:\/\/melissawilpotte.com\/wp-content\/uploads\/2021\/07\/logo-final-marron-wilpotte.jpg\",\"contentUrl\":\"https:\/\/melissawilpotte.com\/wp-content\/uploads\/2021\/07\/logo-final-marron-wilpotte.jpg\",\"width\":389,\"height\":389,\"caption\":\"M\u00e9lissa Wilpotte - Wedding Planner\"},\"image\":{\"@id\":\"https:\/\/melissawilpotte.com\/#\/schema\/logo\/image\/\"},\"sameAs\":[\"https:\/\/www.facebook.com\/durevealarealitebordeaux\/\",\"https:\/\/www.instagram.com\/melissa.wedding.planner\/\",\"https:\/\/www.pinterest.fr\/mlissawilpotte\/\"]}]}<\/script>\n<!-- \/ Yoast SEO plugin. -->","yoast_head_json":{"title":"Contact - M\u00e9lissa Wilpotte - Wedding Planner","robots":{"index":"index","follow":"follow","max-snippet":"max-snippet:-1","max-image-preview":"max-image-preview:large","max-video-preview":"max-video-preview:-1"},"canonical":"https:\/\/melissawilpotte.com\/en\/contact\/","og_locale":"en_US","og_type":"article","og_title":"Contact - M\u00e9lissa Wilpotte - Wedding Planner","og_description":"Contactez-nous pour Votre projet de mariage Nous vous invitons \u00e0 envoyer votre demande par le biais du formulaire ci-dessous, nous vous contacterons dans les plus brefs d\u00e9lais. Vous pouvez \u00e9galement nous joindre directement au 06.98.03.30.11. Vous pouvez directement Prendre rendez-vous en cliquant sur le bouton ci-dessous prendre rendez-vous","og_url":"https:\/\/melissawilpotte.com\/en\/contact\/","og_site_name":"M\u00e9lissa Wilpotte - Wedding Planner","article_publisher":"https:\/\/www.facebook.com\/durevealarealitebordeaux\/","article_modified_time":"2025-12-18T13:56:25+00:00","twitter_card":"summary_large_image","twitter_misc":{"Est. reading time":"1 minute"},"schema":{"@context":"https:\/\/schema.org","@graph":[{"@type":"WebPage","@id":"https:\/\/melissawilpotte.com\/contact\/","url":"https:\/\/melissawilpotte.com\/contact\/","name":"Contact - M\u00e9lissa Wilpotte - Wedding Planner","isPartOf":{"@id":"https:\/\/melissawilpotte.com\/#website"},"datePublished":"2023-09-21T19:09:47+00:00","dateModified":"2025-12-18T13:56:25+00:00","breadcrumb":{"@id":"https:\/\/melissawilpotte.com\/contact\/#breadcrumb"},"inLanguage":"en-US","potentialAction":[{"@type":"ReadAction","target":["https:\/\/melissawilpotte.com\/contact\/"]}]},{"@type":"BreadcrumbList","@id":"https:\/\/melissawilpotte.com\/contact\/#breadcrumb","itemListElement":[{"@type":"ListItem","position":1,"name":"Home","item":"https:\/\/melissawilpotte.com\/"},{"@type":"ListItem","position":2,"name":"Contact"}]},{"@type":"WebSite","@id":"https:\/\/melissawilpotte.com\/#website","url":"https:\/\/melissawilpotte.com\/","name":"M\u00e9lissa Wilpotte - Wedding Planner","description":"Votre wedding planner","publisher":{"@id":"https:\/\/melissawilpotte.com\/#organization"},"potentialAction":[{"@type":"SearchAction","target":{"@type":"EntryPoint","urlTemplate":"https:\/\/melissawilpotte.com\/?s={search_term_string}"},"query-input":{"@type":"PropertyValueSpecification","valueRequired":true,"valueName":"search_term_string"}}],"inLanguage":"en-US"},{"@type":"Organization","@id":"https:\/\/melissawilpotte.com\/#organization","name":"M\u00e9lissa Wilpotte - Wedding Planner","url":"https:\/\/melissawilpotte.com\/","logo":{"@type":"ImageObject","inLanguage":"en-US","@id":"https:\/\/melissawilpotte.com\/#\/schema\/logo\/image\/","url":"https:\/\/melissawilpotte.com\/wp-content\/uploads\/2021\/07\/logo-final-marron-wilpotte.jpg","contentUrl":"https:\/\/melissawilpotte.com\/wp-content\/uploads\/2021\/07\/logo-final-marron-wilpotte.jpg","width":389,"height":389,"caption":"M\u00e9lissa Wilpotte - Wedding Planner"},"image":{"@id":"https:\/\/melissawilpotte.com\/#\/schema\/logo\/image\/"},"sameAs":["https:\/\/www.facebook.com\/durevealarealitebordeaux\/","https:\/\/www.instagram.com\/melissa.wedding.planner\/","https:\/\/www.pinterest.fr\/mlissawilpotte\/"]}]}},"jetpack_shortlink":"https:\/\/wp.me\/P9Tt0X-exn","jetpack_sharing_enabled":true,"_links":{"self":[{"href":"https:\/\/melissawilpotte.com\/en\/wp-json\/wp\/v2\/pages\/55885","targetHints":{"allow":["GET"]}}],"collection":[{"href":"https:\/\/melissawilpotte.com\/en\/wp-json\/wp\/v2\/pages"}],"about":[{"href":"https:\/\/melissawilpotte.com\/en\/wp-json\/wp\/v2\/types\/page"}],"author":[{"embeddable":true,"href":"https:\/\/melissawilpotte.com\/en\/wp-json\/wp\/v2\/users\/9"}],"replies":[{"embeddable":true,"href":"https:\/\/melissawilpotte.com\/en\/wp-json\/wp\/v2\/comments?post=55885"}],"version-history":[{"count":52,"href":"https:\/\/melissawilpotte.com\/en\/wp-json\/wp\/v2\/pages\/55885\/revisions"}],"predecessor-version":[{"id":57642,"href":"https:\/\/melissawilpotte.com\/en\/wp-json\/wp\/v2\/pages\/55885\/revisions\/57642"}],"wp:attachment":[{"href":"https:\/\/melissawilpotte.com\/en\/wp-json\/wp\/v2\/media?parent=55885"}],"curies":[{"name":"wp","href":"https:\/\/api.w.org\/{rel}","templated":true}]}}