{"id":55854,"date":"2023-09-21T20:36:50","date_gmt":"2023-09-21T18:36:50","guid":{"rendered":"https:\/\/melissawilpotte.com\/?page_id=55854"},"modified":"2025-09-11T14:26:58","modified_gmt":"2025-09-11T12:26:58","slug":"tarifs","status":"publish","type":"page","link":"https:\/\/melissawilpotte.com\/en\/tarifs\/","title":{"rendered":"Rates"},"content":{"rendered":"<div data-elementor-type=\"wp-page\" data-elementor-id=\"55854\" class=\"elementor elementor-55854\" data-elementor-post-type=\"page\">\n\t\t\t\t<div class=\"elementor-element elementor-element-cb53bc8 e-flex e-con-boxed e-con e-parent\" data-id=\"cb53bc8\" data-element_type=\"container\" data-settings=\"{&quot;_ob_column_has_pseudo&quot;:&quot;no&quot;}\">\n\t\t\t\t\t<div class=\"e-con-inner\">\n\t\t<div class=\"elementor-element elementor-element-e2be4f8 e-con-full e-flex e-con e-child\" data-id=\"e2be4f8\" data-element_type=\"container\" data-settings=\"{&quot;_ob_column_has_pseudo&quot;:&quot;no&quot;}\">\n\t\t\t\t<div class=\"elementor-element elementor-element-90b237e elementor-widget elementor-widget-heading\" data-id=\"90b237e\" data-element_type=\"widget\" data-widget_type=\"heading.default\">\n\t\t\t\t<div class=\"elementor-widget-container\">\n\t\t\t\t\t<h2 class=\"elementor-heading-title elementor-size-default\">Planning your wedding<\/h2>\t\t\t\t<\/div>\n\t\t\t\t<\/div>\n\t\t\t\t<div class=\"elementor-element elementor-element-722d8f4 elementor-widget elementor-widget-text-editor\" data-id=\"722d8f4\" data-element_type=\"widget\" data-widget_type=\"text-editor.default\">\n\t\t\t\t<div class=\"elementor-widget-container\">\n\t\t\t\t\t\t\t\t\t<p>Our primary service is to organise your wedding according to your wishes and budget. To get to know us better and discuss your requirements in more detail, we invite you to meet us over coffee or by video call. During our meeting, we'll discuss the elements that will enable us to present you with a wedding project. The agency will be available for you, we have flexible working hours, we will be responsive and professional and we will give you peace of mind.<\/p>\t\t\t\t\t\t\t\t<\/div>\n\t\t\t\t<\/div>\n\t\t\t\t<div class=\"elementor-element elementor-element-26bbcac elementor-widget elementor-widget-image\" data-id=\"26bbcac\" data-element_type=\"widget\" data-widget_type=\"image.default\">\n\t\t\t\t<div class=\"elementor-widget-container\">\n\t\t\t\t\t\t\t\t\t\t\t\t\t\t\t<img fetchpriority=\"high\" decoding=\"async\" width=\"683\" height=\"1024\" src=\"https:\/\/melissawilpotte.com\/wp-content\/uploads\/2025\/09\/Molly-Jake-764-683x1024.jpg\" class=\"attachment-large size-large wp-image-57465\" alt=\"\" srcset=\"https:\/\/melissawilpotte.com\/wp-content\/uploads\/2025\/09\/Molly-Jake-764-683x1024.jpg 683w, https:\/\/melissawilpotte.com\/wp-content\/uploads\/2025\/09\/Molly-Jake-764-200x300.jpg 200w, https:\/\/melissawilpotte.com\/wp-content\/uploads\/2025\/09\/Molly-Jake-764-768x1152.jpg 768w, https:\/\/melissawilpotte.com\/wp-content\/uploads\/2025\/09\/Molly-Jake-764-1024x1536.jpg 1024w, https:\/\/melissawilpotte.com\/wp-content\/uploads\/2025\/09\/Molly-Jake-764-8x12.jpg 8w, https:\/\/melissawilpotte.com\/wp-content\/uploads\/2025\/09\/Molly-Jake-764.jpg 1067w\" sizes=\"(max-width: 683px) 100vw, 683px\" \/>\t\t\t\t\t\t\t\t\t\t\t\t\t\t\t<\/div>\n\t\t\t\t<\/div>\n\t\t\t\t<\/div>\n\t\t<div class=\"elementor-element elementor-element-64b7a49 e-con-full e-flex e-con e-child\" data-id=\"64b7a49\" data-element_type=\"container\" data-settings=\"{&quot;_ob_column_has_pseudo&quot;:&quot;no&quot;}\">\n\t\t<div class=\"elementor-element elementor-element-7aa9abe e-flex e-con-boxed e-con e-child\" data-id=\"7aa9abe\" data-element_type=\"container\" data-settings=\"{&quot;background_background&quot;:&quot;classic&quot;,&quot;_ob_column_has_pseudo&quot;:&quot;no&quot;}\">\n\t\t\t\t\t<div class=\"e-con-inner\">\n\t\t<div class=\"elementor-element elementor-element-51e0669 e-flex e-con-boxed e-con e-child\" data-id=\"51e0669\" data-element_type=\"container\" data-settings=\"{&quot;_ob_column_has_pseudo&quot;:&quot;no&quot;}\">\n\t\t\t\t\t<div class=\"e-con-inner\">\n\t\t\t\t<div class=\"elementor-element elementor-element-60f7069 elementor-widget elementor-widget-heading\" data-id=\"60f7069\" data-element_type=\"widget\" data-widget_type=\"heading.default\">\n\t\t\t\t<div class=\"elementor-widget-container\">\n\t\t\t\t\t<h2 class=\"elementor-heading-title elementor-size-default\">Discover our rates<\/h2>\t\t\t\t<\/div>\n\t\t\t\t<\/div>\n\t\t\t\t<div class=\"elementor-element elementor-element-274e3b5 elementor-widget elementor-widget-heading\" data-id=\"274e3b5\" data-element_type=\"widget\" data-widget_type=\"heading.default\">\n\t\t\t\t<div class=\"elementor-widget-container\">\n\t\t\t\t\t<p class=\"elementor-heading-title elementor-size-default\">Please contact us by clicking on the button below to make an appointment with your wedding planner.<\/p>\t\t\t\t<\/div>\n\t\t\t\t<\/div>\n\t\t\t\t\t<\/div>\n\t\t\t\t<\/div>\n\t\t<div class=\"elementor-element elementor-element-03fe4c9 e-flex e-con-boxed e-con e-child\" data-id=\"03fe4c9\" data-element_type=\"container\" data-settings=\"{&quot;_ob_column_has_pseudo&quot;:&quot;no&quot;}\">\n\t\t\t\t\t<div class=\"e-con-inner\">\n\t\t<div class=\"elementor-element elementor-element-edb98f3 e-flex e-con-boxed e-con e-child\" data-id=\"edb98f3\" data-element_type=\"container\" data-settings=\"{&quot;_ob_column_has_pseudo&quot;:&quot;no&quot;}\">\n\t\t\t\t\t<div class=\"e-con-inner\">\n\t\t\t\t<div class=\"elementor-element elementor-element-0ac287f elementor-widget elementor-widget-heading\" data-id=\"0ac287f\" data-element_type=\"widget\" data-widget_type=\"heading.default\">\n\t\t\t\t<div class=\"elementor-widget-container\">\n\t\t\t\t\t<p class=\"elementor-heading-title elementor-size-default\">Prices start at<\/p>\t\t\t\t<\/div>\n\t\t\t\t<\/div>\n\t\t\t\t<div class=\"elementor-element elementor-element-0ec4804 elementor-widget elementor-widget-heading\" data-id=\"0ec4804\" data-element_type=\"widget\" data-widget_type=\"heading.default\">\n\t\t\t\t<div class=\"elementor-widget-container\">\n\t\t\t\t\t<h2 class=\"elementor-heading-title elementor-size-default\">5 000\u20ac<\/h2>\t\t\t\t<\/div>\n\t\t\t\t<\/div>\n\t\t\t\t\t<\/div>\n\t\t\t\t<\/div>\n\t\t\t\t<div class=\"elementor-element elementor-element-d2587db elementor-widget elementor-widget-heading\" data-id=\"d2587db\" data-element_type=\"widget\" data-widget_type=\"heading.default\">\n\t\t\t\t<div class=\"elementor-widget-container\">\n\t\t\t\t\t<p class=\"elementor-heading-title elementor-size-default\">A quotation will be sent to you for more details and our terms and conditions.<\/p>\t\t\t\t<\/div>\n\t\t\t\t<\/div>\n\t\t\t\t<div class=\"elementor-element elementor-element-7b512b4 elementor-align-justify elementor-mobile-align-center elementor-widget elementor-widget-button\" data-id=\"7b512b4\" data-element_type=\"widget\" data-widget_type=\"button.default\">\n\t\t\t\t<div class=\"elementor-widget-container\">\n\t\t\t\t\t\t\t\t\t<div class=\"elementor-button-wrapper\">\n\t\t\t\t\t<a class=\"elementor-button elementor-button-link elementor-size-sm\" href=\"https:\/\/melissawilpotte.com\/en\/contact\/\" target=\"_blank\">\n\t\t\t\t\t\t<span class=\"elementor-button-content-wrapper\">\n\t\t\t\t\t\t<span class=\"elementor-button-icon\">\n\t\t\t\t<svg xmlns=\"http:\/\/www.w3.org\/2000\/svg\" id=\"Outline\" viewbox=\"0 0 24 24\" width=\"512\" height=\"512\"><path d=\"M18,12h0a2,2,0,0,0-.59-1.4l-4.29-4.3a1,1,0,0,0-1.41,0,1,1,0,0,0,0,1.42L15,11H5a1,1,0,0,0,0,2H15l-3.29,3.29a1,1,0,0,0,1.41,1.42l4.29-4.3A2,2,0,0,0,18,12Z\"><\/path><\/svg>\t\t\t<\/span>\n\t\t\t\t\t\t\t\t\t<span class=\"elementor-button-text\">Book a meeting<\/span>\n\t\t\t\t\t<\/span>\n\t\t\t\t\t<\/a>\n\t\t\t\t<\/div>\n\t\t\t\t\t\t\t\t<\/div>\n\t\t\t\t<\/div>\n\t\t\t\t\t<\/div>\n\t\t\t\t<\/div>\n\t\t<div class=\"elementor-element elementor-element-d28cb2f e-flex e-con-boxed e-con e-child\" data-id=\"d28cb2f\" data-element_type=\"container\" data-settings=\"{&quot;_ob_column_has_pseudo&quot;:&quot;no&quot;}\">\n\t\t\t\t\t<div class=\"e-con-inner\">\n\t\t\t\t<div class=\"elementor-element elementor-element-46d88bd elementor-widget elementor-widget-heading\" data-id=\"46d88bd\" data-element_type=\"widget\" data-widget_type=\"heading.default\">\n\t\t\t\t<div class=\"elementor-widget-container\">\n\t\t\t\t\t<p class=\"elementor-heading-title elementor-size-default\">Our services include (but are not limited to):<\/p>\t\t\t\t<\/div>\n\t\t\t\t<\/div>\n\t\t\t\t<div class=\"elementor-element elementor-element-7ec0899 elementor-icon-list--layout-traditional elementor-list-item-link-full_width elementor-widget elementor-widget-icon-list\" data-id=\"7ec0899\" data-element_type=\"widget\" data-widget_type=\"icon-list.default\">\n\t\t\t\t<div class=\"elementor-widget-container\">\n\t\t\t\t\t\t\t<ul class=\"elementor-icon-list-items\">\n\t\t\t\t\t\t\t<li class=\"elementor-icon-list-item\">\n\t\t\t\t\t\t\t\t\t\t\t<span class=\"elementor-icon-list-icon\">\n\t\t\t\t\t\t\t<i aria-hidden=\"true\" class=\"fas fa-check\"><\/i>\t\t\t\t\t\t<\/span>\n\t\t\t\t\t\t\t\t\t\t<span class=\"elementor-icon-list-text\">Discovery appointment<\/span>\n\t\t\t\t\t\t\t\t\t<\/li>\n\t\t\t\t\t\t\t\t<li class=\"elementor-icon-list-item\">\n\t\t\t\t\t\t\t\t\t\t\t<span class=\"elementor-icon-list-icon\">\n\t\t\t\t\t\t\t<i aria-hidden=\"true\" class=\"fas fa-check\"><\/i>\t\t\t\t\t\t<\/span>\n\t\t\t\t\t\t\t\t\t\t<span class=\"elementor-icon-list-text\">Project study<\/span>\n\t\t\t\t\t\t\t\t\t<\/li>\n\t\t\t\t\t\t\t\t<li class=\"elementor-icon-list-item\">\n\t\t\t\t\t\t\t\t\t\t\t<span class=\"elementor-icon-list-icon\">\n\t\t\t\t\t\t\t<i aria-hidden=\"true\" class=\"fas fa-check\"><\/i>\t\t\t\t\t\t<\/span>\n\t\t\t\t\t\t\t\t\t\t<span class=\"elementor-icon-list-text\">Permanent availability<\/span>\n\t\t\t\t\t\t\t\t\t<\/li>\n\t\t\t\t\t\t\t\t<li class=\"elementor-icon-list-item\">\n\t\t\t\t\t\t\t\t\t\t\t<span class=\"elementor-icon-list-icon\">\n\t\t\t\t\t\t\t<i aria-hidden=\"true\" class=\"fas fa-check\"><\/i>\t\t\t\t\t\t<\/span>\n\t\t\t\t\t\t\t\t\t\t<span class=\"elementor-icon-list-text\">Search for service providers<\/span>\n\t\t\t\t\t\t\t\t\t<\/li>\n\t\t\t\t\t\t\t\t<li class=\"elementor-icon-list-item\">\n\t\t\t\t\t\t\t\t\t\t\t<span class=\"elementor-icon-list-icon\">\n\t\t\t\t\t\t\t<i aria-hidden=\"true\" class=\"fas fa-check\"><\/i>\t\t\t\t\t\t<\/span>\n\t\t\t\t\t\t\t\t\t\t<span class=\"elementor-icon-list-text\">Scheduling catering tastings<\/span>\n\t\t\t\t\t\t\t\t\t<\/li>\n\t\t\t\t\t\t\t\t<li class=\"elementor-icon-list-item\">\n\t\t\t\t\t\t\t\t\t\t\t<span class=\"elementor-icon-list-icon\">\n\t\t\t\t\t\t\t<i aria-hidden=\"true\" class=\"fas fa-check\"><\/i>\t\t\t\t\t\t<\/span>\n\t\t\t\t\t\t\t\t\t\t<span class=\"elementor-icon-list-text\">Planning beauty trials<\/span>\n\t\t\t\t\t\t\t\t\t<\/li>\n\t\t\t\t\t\t\t\t<li class=\"elementor-icon-list-item\">\n\t\t\t\t\t\t\t\t\t\t\t<span class=\"elementor-icon-list-icon\">\n\t\t\t\t\t\t\t<i aria-hidden=\"true\" class=\"fas fa-check\"><\/i>\t\t\t\t\t\t<\/span>\n\t\t\t\t\t\t\t\t\t\t<span class=\"elementor-icon-list-text\">D-Day planning<\/span>\n\t\t\t\t\t\t\t\t\t<\/li>\n\t\t\t\t\t\t\t\t<li class=\"elementor-icon-list-item\">\n\t\t\t\t\t\t\t\t\t\t\t<span class=\"elementor-icon-list-icon\">\n\t\t\t\t\t\t\t<i aria-hidden=\"true\" class=\"fas fa-check\"><\/i>\t\t\t\t\t\t<\/span>\n\t\t\t\t\t\t\t\t\t\t<span class=\"elementor-icon-list-text\">Technical meetings with suppliers<\/span>\n\t\t\t\t\t\t\t\t\t<\/li>\n\t\t\t\t\t\t\t\t<li class=\"elementor-icon-list-item\">\n\t\t\t\t\t\t\t\t\t\t\t<span class=\"elementor-icon-list-icon\">\n\t\t\t\t\t\t\t<i aria-hidden=\"true\" class=\"fas fa-check\"><\/i>\t\t\t\t\t\t<\/span>\n\t\t\t\t\t\t\t\t\t\t<span class=\"elementor-icon-list-text\">Commercial and administrative management of suppliers during the preparations<\/span>\n\t\t\t\t\t\t\t\t\t<\/li>\n\t\t\t\t\t\t\t\t<li class=\"elementor-icon-list-item\">\n\t\t\t\t\t\t\t\t\t\t\t<span class=\"elementor-icon-list-icon\">\n\t\t\t\t\t\t\t<i aria-hidden=\"true\" class=\"fas fa-check\"><\/i>\t\t\t\t\t\t<\/span>\n\t\t\t\t\t\t\t\t\t\t<span class=\"elementor-icon-list-text\">Regular meetings with the bride and groom to fine-tune the preparations<\/span>\n\t\t\t\t\t\t\t\t\t<\/li>\n\t\t\t\t\t\t\t\t<li class=\"elementor-icon-list-item\">\n\t\t\t\t\t\t\t\t\t\t\t<span class=\"elementor-icon-list-icon\">\n\t\t\t\t\t\t\t<i aria-hidden=\"true\" class=\"fas fa-check\"><\/i>\t\t\t\t\t\t<\/span>\n\t\t\t\t\t\t\t\t\t\t<span class=\"elementor-icon-list-text\">Coordination of service providers on the D-Day<\/span>\n\t\t\t\t\t\t\t\t\t<\/li>\n\t\t\t\t\t\t\t\t<li class=\"elementor-icon-list-item\">\n\t\t\t\t\t\t\t\t\t\t\t<span class=\"elementor-icon-list-icon\">\n\t\t\t\t\t\t\t<i aria-hidden=\"true\" class=\"fas fa-check\"><\/i>\t\t\t\t\t\t<\/span>\n\t\t\t\t\t\t\t\t\t\t<span class=\"elementor-icon-list-text\">Budget management and monitoring<\/span>\n\t\t\t\t\t\t\t\t\t<\/li>\n\t\t\t\t\t\t\t\t<li class=\"elementor-icon-list-item\">\n\t\t\t\t\t\t\t\t\t\t\t<span class=\"elementor-icon-list-icon\">\n\t\t\t\t\t\t\t<i aria-hidden=\"true\" class=\"fas fa-check\"><\/i>\t\t\t\t\t\t<\/span>\n\t\t\t\t\t\t\t\t\t\t<span class=\"elementor-icon-list-text\">Helping to create the scenography<\/span>\n\t\t\t\t\t\t\t\t\t<\/li>\n\t\t\t\t\t\t\t\t<li class=\"elementor-icon-list-item\">\n\t\t\t\t\t\t\t\t\t\t\t<span class=\"elementor-icon-list-icon\">\n\t\t\t\t\t\t\t<i aria-hidden=\"true\" class=\"fas fa-check\"><\/i>\t\t\t\t\t\t<\/span>\n\t\t\t\t\t\t\t\t\t\t<span class=\"elementor-icon-list-text\">D-Day assistant<\/span>\n\t\t\t\t\t\t\t\t\t<\/li>\n\t\t\t\t\t\t\t\t<li class=\"elementor-icon-list-item\">\n\t\t\t\t\t\t\t\t\t\t\t<span class=\"elementor-icon-list-icon\">\n\t\t\t\t\t\t\t<i aria-hidden=\"true\" class=\"fas fa-check\"><\/i>\t\t\t\t\t\t<\/span>\n\t\t\t\t\t\t\t\t\t\t<span class=\"elementor-icon-list-text\">Attendance and coordination on D-Day<\/span>\n\t\t\t\t\t\t\t\t\t<\/li>\n\t\t\t\t\t\t\t\t<li class=\"elementor-icon-list-item\">\n\t\t\t\t\t\t\t\t\t\t\t<span class=\"elementor-icon-list-icon\">\n\t\t\t\t\t\t\t<i aria-hidden=\"true\" class=\"fas fa-check\"><\/i>\t\t\t\t\t\t<\/span>\n\t\t\t\t\t\t\t\t\t\t<span class=\"elementor-icon-list-text\">Organisation of the evening meal and brunch if required<\/span>\n\t\t\t\t\t\t\t\t\t<\/li>\n\t\t\t\t\t\t\t\t<li class=\"elementor-icon-list-item\">\n\t\t\t\t\t\t\t\t\t\t\t<span class=\"elementor-icon-list-icon\">\n\t\t\t\t\t\t\t<i aria-hidden=\"true\" class=\"fas fa-check\"><\/i>\t\t\t\t\t\t<\/span>\n\t\t\t\t\t\t\t\t\t\t<span class=\"elementor-icon-list-text\">Creation of the accommodation list<\/span>\n\t\t\t\t\t\t\t\t\t<\/li>\n\t\t\t\t\t\t\t\t<li class=\"elementor-icon-list-item\">\n\t\t\t\t\t\t\t\t\t\t\t<span class=\"elementor-icon-list-icon\">\n\t\t\t\t\t\t\t<i aria-hidden=\"true\" class=\"fas fa-check\"><\/i>\t\t\t\t\t\t<\/span>\n\t\t\t\t\t\t\t\t\t\t<span class=\"elementor-icon-list-text\">Organising shuttle buses<\/span>\n\t\t\t\t\t\t\t\t\t<\/li>\n\t\t\t\t\t\t<\/ul>\n\t\t\t\t\t\t<\/div>\n\t\t\t\t<\/div>\n\t\t\t\t\t<\/div>\n\t\t\t\t<\/div>\n\t\t\t\t\t<\/div>\n\t\t\t\t<\/div>\n\t\t\t\t<\/div>\n\t\t\t\t\t<\/div>\n\t\t\t\t<\/div>\n\t\t\t\t<\/div>","protected":false},"excerpt":{"rendered":"<p>L&rsquo;organisation de votre mariage Notre service premier est l\u2019organisation de votre mariage selon vos envies et votre budget. Afin de mieux nous conna\u00eetre et discuter plus en d\u00e9tails de votre demande, nous vous proposons de vous rencontrer autour d\u2019un caf\u00e9 ou par visio call. Au cours de notre entretien, nous aborderons ensemble des \u00e9l\u00e9ments qui&hellip;<\/p>","protected":false},"author":9,"featured_media":0,"parent":0,"menu_order":0,"comment_status":"closed","ping_status":"closed","template":"elementor_header_footer","meta":{"footnotes":""},"class_list":["post-55854","page","type-page","status-publish","hentry"],"acf":[],"yoast_head":"<!-- This site is optimized with the Yoast SEO plugin v26.2 - https:\/\/yoast.com\/wordpress\/plugins\/seo\/ -->\n<title>Tarifs - M\u00e9lissa Wilpotte - Wedding Planner<\/title>\n<meta name=\"robots\" content=\"index, follow, max-snippet:-1, max-image-preview:large, max-video-preview:-1\" \/>\n<link rel=\"canonical\" href=\"https:\/\/melissawilpotte.com\/en\/tarifs\/\" \/>\n<meta property=\"og:locale\" content=\"en_US\" \/>\n<meta property=\"og:type\" content=\"article\" \/>\n<meta property=\"og:title\" content=\"Tarifs - M\u00e9lissa Wilpotte - Wedding Planner\" \/>\n<meta property=\"og:description\" content=\"L&rsquo;organisation de votre mariage Notre service premier est l\u2019organisation de votre mariage selon vos envies et votre budget. Afin de mieux nous conna\u00eetre et discuter plus en d\u00e9tails de votre demande, nous vous proposons de vous rencontrer autour d\u2019un caf\u00e9 ou par visio call. Au cours de notre entretien, nous aborderons ensemble des \u00e9l\u00e9ments qui&hellip;\" \/>\n<meta property=\"og:url\" content=\"https:\/\/melissawilpotte.com\/en\/tarifs\/\" \/>\n<meta property=\"og:site_name\" content=\"M\u00e9lissa Wilpotte - Wedding Planner\" \/>\n<meta property=\"article:publisher\" content=\"https:\/\/www.facebook.com\/durevealarealitebordeaux\/\" \/>\n<meta property=\"article:modified_time\" content=\"2025-09-11T12:26:58+00:00\" \/>\n<meta property=\"og:image\" content=\"https:\/\/melissawilpotte.com\/wp-content\/uploads\/2025\/09\/Molly-Jake-764-683x1024.jpg\" \/>\n<meta name=\"twitter:card\" content=\"summary_large_image\" \/>\n<meta name=\"twitter:label1\" content=\"Est. reading time\" \/>\n\t<meta name=\"twitter:data1\" content=\"2 minutes\" \/>\n<script type=\"application\/ld+json\" class=\"yoast-schema-graph\">{\"@context\":\"https:\/\/schema.org\",\"@graph\":[{\"@type\":\"WebPage\",\"@id\":\"https:\/\/melissawilpotte.com\/tarifs\/\",\"url\":\"https:\/\/melissawilpotte.com\/tarifs\/\",\"name\":\"Tarifs - M\u00e9lissa Wilpotte - Wedding Planner\",\"isPartOf\":{\"@id\":\"https:\/\/melissawilpotte.com\/#website\"},\"primaryImageOfPage\":{\"@id\":\"https:\/\/melissawilpotte.com\/tarifs\/#primaryimage\"},\"image\":{\"@id\":\"https:\/\/melissawilpotte.com\/tarifs\/#primaryimage\"},\"thumbnailUrl\":\"https:\/\/melissawilpotte.com\/wp-content\/uploads\/2025\/09\/Molly-Jake-764-683x1024.jpg\",\"datePublished\":\"2023-09-21T18:36:50+00:00\",\"dateModified\":\"2025-09-11T12:26:58+00:00\",\"breadcrumb\":{\"@id\":\"https:\/\/melissawilpotte.com\/tarifs\/#breadcrumb\"},\"inLanguage\":\"en-US\",\"potentialAction\":[{\"@type\":\"ReadAction\",\"target\":[\"https:\/\/melissawilpotte.com\/tarifs\/\"]}]},{\"@type\":\"ImageObject\",\"inLanguage\":\"en-US\",\"@id\":\"https:\/\/melissawilpotte.com\/tarifs\/#primaryimage\",\"url\":\"https:\/\/melissawilpotte.com\/wp-content\/uploads\/2025\/09\/Molly-Jake-764-683x1024.jpg\",\"contentUrl\":\"https:\/\/melissawilpotte.com\/wp-content\/uploads\/2025\/09\/Molly-Jake-764-683x1024.jpg\"},{\"@type\":\"BreadcrumbList\",\"@id\":\"https:\/\/melissawilpotte.com\/tarifs\/#breadcrumb\",\"itemListElement\":[{\"@type\":\"ListItem\",\"position\":1,\"name\":\"Home\",\"item\":\"https:\/\/melissawilpotte.com\/\"},{\"@type\":\"ListItem\",\"position\":2,\"name\":\"Tarifs\"}]},{\"@type\":\"WebSite\",\"@id\":\"https:\/\/melissawilpotte.com\/#website\",\"url\":\"https:\/\/melissawilpotte.com\/\",\"name\":\"M\u00e9lissa Wilpotte - Wedding Planner\",\"description\":\"Votre wedding planner\",\"publisher\":{\"@id\":\"https:\/\/melissawilpotte.com\/#organization\"},\"potentialAction\":[{\"@type\":\"SearchAction\",\"target\":{\"@type\":\"EntryPoint\",\"urlTemplate\":\"https:\/\/melissawilpotte.com\/?s={search_term_string}\"},\"query-input\":{\"@type\":\"PropertyValueSpecification\",\"valueRequired\":true,\"valueName\":\"search_term_string\"}}],\"inLanguage\":\"en-US\"},{\"@type\":\"Organization\",\"@id\":\"https:\/\/melissawilpotte.com\/#organization\",\"name\":\"M\u00e9lissa Wilpotte - Wedding Planner\",\"url\":\"https:\/\/melissawilpotte.com\/\",\"logo\":{\"@type\":\"ImageObject\",\"inLanguage\":\"en-US\",\"@id\":\"https:\/\/melissawilpotte.com\/#\/schema\/logo\/image\/\",\"url\":\"https:\/\/melissawilpotte.com\/wp-content\/uploads\/2021\/07\/logo-final-marron-wilpotte.jpg\",\"contentUrl\":\"https:\/\/melissawilpotte.com\/wp-content\/uploads\/2021\/07\/logo-final-marron-wilpotte.jpg\",\"width\":389,\"height\":389,\"caption\":\"M\u00e9lissa Wilpotte - Wedding Planner\"},\"image\":{\"@id\":\"https:\/\/melissawilpotte.com\/#\/schema\/logo\/image\/\"},\"sameAs\":[\"https:\/\/www.facebook.com\/durevealarealitebordeaux\/\",\"https:\/\/www.instagram.com\/melissa.wedding.planner\/\",\"https:\/\/www.pinterest.fr\/mlissawilpotte\/\"]}]}<\/script>\n<!-- \/ Yoast SEO plugin. -->","yoast_head_json":{"title":"Tarifs - M\u00e9lissa Wilpotte - Wedding Planner","robots":{"index":"index","follow":"follow","max-snippet":"max-snippet:-1","max-image-preview":"max-image-preview:large","max-video-preview":"max-video-preview:-1"},"canonical":"https:\/\/melissawilpotte.com\/en\/tarifs\/","og_locale":"en_US","og_type":"article","og_title":"Tarifs - M\u00e9lissa Wilpotte - Wedding Planner","og_description":"L&rsquo;organisation de votre mariage Notre service premier est l\u2019organisation de votre mariage selon vos envies et votre budget. Afin de mieux nous conna\u00eetre et discuter plus en d\u00e9tails de votre demande, nous vous proposons de vous rencontrer autour d\u2019un caf\u00e9 ou par visio call. Au cours de notre entretien, nous aborderons ensemble des \u00e9l\u00e9ments qui&hellip;","og_url":"https:\/\/melissawilpotte.com\/en\/tarifs\/","og_site_name":"M\u00e9lissa Wilpotte - Wedding Planner","article_publisher":"https:\/\/www.facebook.com\/durevealarealitebordeaux\/","article_modified_time":"2025-09-11T12:26:58+00:00","og_image":[{"url":"https:\/\/melissawilpotte.com\/wp-content\/uploads\/2025\/09\/Molly-Jake-764-683x1024.jpg","type":"","width":"","height":""}],"twitter_card":"summary_large_image","twitter_misc":{"Est. reading time":"2 minutes"},"schema":{"@context":"https:\/\/schema.org","@graph":[{"@type":"WebPage","@id":"https:\/\/melissawilpotte.com\/tarifs\/","url":"https:\/\/melissawilpotte.com\/tarifs\/","name":"Tarifs - M\u00e9lissa Wilpotte - Wedding Planner","isPartOf":{"@id":"https:\/\/melissawilpotte.com\/#website"},"primaryImageOfPage":{"@id":"https:\/\/melissawilpotte.com\/tarifs\/#primaryimage"},"image":{"@id":"https:\/\/melissawilpotte.com\/tarifs\/#primaryimage"},"thumbnailUrl":"https:\/\/melissawilpotte.com\/wp-content\/uploads\/2025\/09\/Molly-Jake-764-683x1024.jpg","datePublished":"2023-09-21T18:36:50+00:00","dateModified":"2025-09-11T12:26:58+00:00","breadcrumb":{"@id":"https:\/\/melissawilpotte.com\/tarifs\/#breadcrumb"},"inLanguage":"en-US","potentialAction":[{"@type":"ReadAction","target":["https:\/\/melissawilpotte.com\/tarifs\/"]}]},{"@type":"ImageObject","inLanguage":"en-US","@id":"https:\/\/melissawilpotte.com\/tarifs\/#primaryimage","url":"https:\/\/melissawilpotte.com\/wp-content\/uploads\/2025\/09\/Molly-Jake-764-683x1024.jpg","contentUrl":"https:\/\/melissawilpotte.com\/wp-content\/uploads\/2025\/09\/Molly-Jake-764-683x1024.jpg"},{"@type":"BreadcrumbList","@id":"https:\/\/melissawilpotte.com\/tarifs\/#breadcrumb","itemListElement":[{"@type":"ListItem","position":1,"name":"Home","item":"https:\/\/melissawilpotte.com\/"},{"@type":"ListItem","position":2,"name":"Tarifs"}]},{"@type":"WebSite","@id":"https:\/\/melissawilpotte.com\/#website","url":"https:\/\/melissawilpotte.com\/","name":"M\u00e9lissa Wilpotte - Wedding Planner","description":"Votre wedding planner","publisher":{"@id":"https:\/\/melissawilpotte.com\/#organization"},"potentialAction":[{"@type":"SearchAction","target":{"@type":"EntryPoint","urlTemplate":"https:\/\/melissawilpotte.com\/?s={search_term_string}"},"query-input":{"@type":"PropertyValueSpecification","valueRequired":true,"valueName":"search_term_string"}}],"inLanguage":"en-US"},{"@type":"Organization","@id":"https:\/\/melissawilpotte.com\/#organization","name":"M\u00e9lissa Wilpotte - Wedding Planner","url":"https:\/\/melissawilpotte.com\/","logo":{"@type":"ImageObject","inLanguage":"en-US","@id":"https:\/\/melissawilpotte.com\/#\/schema\/logo\/image\/","url":"https:\/\/melissawilpotte.com\/wp-content\/uploads\/2021\/07\/logo-final-marron-wilpotte.jpg","contentUrl":"https:\/\/melissawilpotte.com\/wp-content\/uploads\/2021\/07\/logo-final-marron-wilpotte.jpg","width":389,"height":389,"caption":"M\u00e9lissa Wilpotte - Wedding Planner"},"image":{"@id":"https:\/\/melissawilpotte.com\/#\/schema\/logo\/image\/"},"sameAs":["https:\/\/www.facebook.com\/durevealarealitebordeaux\/","https:\/\/www.instagram.com\/melissa.wedding.planner\/","https:\/\/www.pinterest.fr\/mlissawilpotte\/"]}]}},"jetpack_shortlink":"https:\/\/wp.me\/P9Tt0X-ewS","jetpack_sharing_enabled":true,"_links":{"self":[{"href":"https:\/\/melissawilpotte.com\/en\/wp-json\/wp\/v2\/pages\/55854","targetHints":{"allow":["GET"]}}],"collection":[{"href":"https:\/\/melissawilpotte.com\/en\/wp-json\/wp\/v2\/pages"}],"about":[{"href":"https:\/\/melissawilpotte.com\/en\/wp-json\/wp\/v2\/types\/page"}],"author":[{"embeddable":true,"href":"https:\/\/melissawilpotte.com\/en\/wp-json\/wp\/v2\/users\/9"}],"replies":[{"embeddable":true,"href":"https:\/\/melissawilpotte.com\/en\/wp-json\/wp\/v2\/comments?post=55854"}],"version-history":[{"count":110,"href":"https:\/\/melissawilpotte.com\/en\/wp-json\/wp\/v2\/pages\/55854\/revisions"}],"predecessor-version":[{"id":57468,"href":"https:\/\/melissawilpotte.com\/en\/wp-json\/wp\/v2\/pages\/55854\/revisions\/57468"}],"wp:attachment":[{"href":"https:\/\/melissawilpotte.com\/en\/wp-json\/wp\/v2\/media?parent=55854"}],"curies":[{"name":"wp","href":"https:\/\/api.w.org\/{rel}","templated":true}]}}